{"id":89,"date":"2014-03-02T00:58:45","date_gmt":"2014-03-01T23:58:45","guid":{"rendered":"http:\/\/kuratorium-topmanagementdiagnostik.com\/?page_id=89"},"modified":"2021-01-13T15:25:13","modified_gmt":"2021-01-13T14:25:13","slug":"mitglieder","status":"publish","type":"page","link":"https:\/\/kuratorium-topmanagementdiagnostik.com\/?page_id=89","title":{"rendered":"Mitglieder"},"content":{"rendered":"<p style=\"text-align: left;\"><span style=\"font-size: 14px; line-height: 1.5em;\">Im Kuratorium Top-Managementdiagnostik haben sich Spezialisten, Wissenschaftler und Praktiker aus dem Feld der Managementdiagnostik zusammengefunden. Aktuell besteht das Kuratorium aus den folgenden Mitgliedern:<\/span><\/p>\n<h3><span style=\"font-size: 14px; line-height: 1.5em;\">\u00a0<\/span><\/h3>\n<div id=\"attachment_389\" style=\"width: 190px\" class=\"wp-caption alignright\"><a href=\"http:\/\/kuratorium-topmanagementdiagnostik.com\/wp-content\/uploads\/2014\/06\/Christoph-Aldering.jpg\"><img decoding=\"async\" loading=\"lazy\" aria-describedby=\"caption-attachment-389\" class=\"wp-image-389 size-full\" src=\"http:\/\/kuratorium-topmanagementdiagnostik.com\/wp-content\/uploads\/2014\/06\/Christoph-Aldering.jpg\" alt=\"Christoph Aldering\" width=\"180\" height=\"180\" srcset=\"https:\/\/kuratorium-topmanagementdiagnostik.com\/wp-content\/uploads\/2014\/06\/Christoph-Aldering.jpg 180w, https:\/\/kuratorium-topmanagementdiagnostik.com\/wp-content\/uploads\/2014\/06\/Christoph-Aldering-150x150.jpg 150w, https:\/\/kuratorium-topmanagementdiagnostik.com\/wp-content\/uploads\/2014\/06\/Christoph-Aldering-100x100.jpg 100w\" sizes=\"(max-width: 180px) 100vw, 180px\" \/><\/a><p id=\"caption-attachment-389\" class=\"wp-caption-text\">Christoph Aldering<\/p><\/div>\n<h4>\u00a0<\/h4>\n<h4><strong><span style=\"color: #808080; line-height: 1.5em;\">Christoph Aldering<\/span><\/strong><\/h4>\n<h4><span style=\"color: #808080; line-height: 1.17em;\"><strong style=\"color: #333333; line-height: 1.17em;\">Gesch\u00e4ftsf\u00fchrer<br \/><\/strong><span style=\"color: #333333;\"><strong>aestimamus GmbH &amp; Co. KG<\/strong><\/span><\/span><\/h4>\n<p><span style=\"color: #888888; line-height: 1.5em;\">Diplom-Psychologe, von 1991 bis 2012 Berater im Bereich Management Diagnostik &amp; Development bei Kienbaum Management Consultants,dort zuletzt \u00fcber 10 Jahre als Partner verantwortlich f\u00fcr den Gesch\u00e4ftsbereich Management Diagnostik. Seit 2012 Gesch\u00e4ftsf\u00fchrender Gesellschafter des Beratungsunternehmens aestimamus mit Fokus auf Durchf\u00fchrung von Management Audits\/Management Assessments mit F\u00fchrungskr\u00e4ften zur Reduzierung von mit Besetzungsentscheidungen verbundenen Risiken bzw. zur Standortbestimmung und Ableitung von Management Development-Ma\u00dfnahmen.<\/span><\/p>\n<p><span style=\"line-height: 1.5em;\">\u00a0<\/span><\/p>\n<p>\u00a0<\/p>\n<div id=\"attachment_426\" style=\"width: 190px\" class=\"wp-caption alignright\"><a href=\"http:\/\/kuratorium-topmanagementdiagnostik.com\/wp-content\/uploads\/2014\/03\/Burkhard-Birkner.jpg\"><img decoding=\"async\" loading=\"lazy\" aria-describedby=\"caption-attachment-426\" class=\"size-full wp-image-426\" src=\"http:\/\/kuratorium-topmanagementdiagnostik.com\/wp-content\/uploads\/2014\/03\/Burkhard-Birkner.jpg\" alt=\"Burkhard Birkner\" width=\"180\" height=\"180\" srcset=\"https:\/\/kuratorium-topmanagementdiagnostik.com\/wp-content\/uploads\/2014\/03\/Burkhard-Birkner.jpg 180w, https:\/\/kuratorium-topmanagementdiagnostik.com\/wp-content\/uploads\/2014\/03\/Burkhard-Birkner-150x150.jpg 150w, https:\/\/kuratorium-topmanagementdiagnostik.com\/wp-content\/uploads\/2014\/03\/Burkhard-Birkner-100x100.jpg 100w\" sizes=\"(max-width: 180px) 100vw, 180px\" \/><\/a><p id=\"caption-attachment-426\" class=\"wp-caption-text\">Burkhard Birkner<\/p><\/div>\n<h4><strong><span style=\"color: #888888;\">Burkhard Birkner<\/span><\/strong><\/h4>\n<h4><strong>Partner<\/strong><br \/><strong> CN St. Gallen P<span style=\"font-size: 1em; line-height: 1.5em;\">ersonalberatung Managementdiagnostik<\/span><\/strong><\/h4>\n<p>Studium der Psychologie, Niederlandistik und Motologie an den Universit\u00e4ten Marburg, Amsterdam und Bonn. Langj\u00e4hrige Erfahrung als Partner im Bereich Managementdiagnostik in einer f\u00fchrenden deutschen Personalberatung. Davor in unterschiedlichen HR-F\u00fchrungsfunktionen im Mittelstand und Konzernunternehmen gearbeitet. Zuletzt als Leiter HR-Experten (Personalentwicklung, Arbeitsrecht und Personalcontrolling) eines internationalen Versicherungskonzerns. Seit 2018 Partner in der CN St. Gallen Personalberatung GmbH &amp; Co. KG.<\/p>\n<p>\u00a0<\/p>\n<p>\u00a0<\/p>\n<div>\u00a0<\/div>\n<div id=\"attachment_408\" style=\"width: 190px\" class=\"wp-caption alignright\"><a href=\"http:\/\/kuratorium-topmanagementdiagnostik.com\/wp-content\/uploads\/2014\/06\/Marion-Boegl.jpg\"><img decoding=\"async\" loading=\"lazy\" aria-describedby=\"caption-attachment-408\" class=\"size-full wp-image-408\" src=\"http:\/\/kuratorium-topmanagementdiagnostik.com\/wp-content\/uploads\/2014\/06\/Marion-Boegl.jpg\" alt=\"Marion Boegl\" width=\"180\" height=\"180\" srcset=\"https:\/\/kuratorium-topmanagementdiagnostik.com\/wp-content\/uploads\/2014\/06\/Marion-Boegl.jpg 180w, https:\/\/kuratorium-topmanagementdiagnostik.com\/wp-content\/uploads\/2014\/06\/Marion-Boegl-150x150.jpg 150w, https:\/\/kuratorium-topmanagementdiagnostik.com\/wp-content\/uploads\/2014\/06\/Marion-Boegl-100x100.jpg 100w\" sizes=\"(max-width: 180px) 100vw, 180px\" \/><\/a><p id=\"caption-attachment-408\" class=\"wp-caption-text\">Marion Boegl<\/p><\/div>\n<h4><strong><span style=\"color: #808080;\">Marion Boegl<\/span><\/strong><\/h4>\n<h4><strong style=\"line-height: 1.5em;\"><span style=\"line-height: 1.5em;\">Inhaberin maboConsult<\/span><\/strong><\/h4>\n<p><span style=\"color: #888888; line-height: 1.5em;\">Diplom-Mathematikerin, Wirtschaftsmediatorin und Mitglied im Vorstand des Arbeitskreis Assessmentcenter e.V.. Mehr als 15 Jahre Erfahrung als Personalleiterin mit den Schwerpunkten Gestaltung und Begleitung von Fusionen und Ver\u00e4nderungsprozessen, zuletzt bei der Hypo Real Estate Bank AG. Seit 2007 Managementberaterin und Inhaberin der Firma maboConsult. Die Beratungsschwerpunkte sind die Auswahl und die Begleitung von F\u00fchrungskr\u00e4ften, die Implementierung und Durchf\u00fchrung von Potenzialeinsch\u00e4tzungs- und Personalauswahlverfahren sowie das Gestalten von Restrukturierungsprojekten. Dar\u00fcber hinaus ist sie als Mediatorin t\u00e4tig.<\/span><\/p>\n<p>\u00a0<\/p>\n<p>\u00a0<\/p>\n<p>\u00a0<\/p>\n<div id=\"attachment_409\" style=\"width: 190px\" class=\"wp-caption alignright\"><a href=\"http:\/\/kuratorium-topmanagementdiagnostik.com\/wp-content\/uploads\/2014\/06\/Juergen-Boehme.jpg\"><img decoding=\"async\" loading=\"lazy\" aria-describedby=\"caption-attachment-409\" class=\"size-full wp-image-409\" src=\"http:\/\/kuratorium-topmanagementdiagnostik.com\/wp-content\/uploads\/2014\/06\/Juergen-Boehme.jpg\" alt=\"J\u00fcrgen B\u00f6hme\" width=\"180\" height=\"180\" srcset=\"https:\/\/kuratorium-topmanagementdiagnostik.com\/wp-content\/uploads\/2014\/06\/Juergen-Boehme.jpg 180w, https:\/\/kuratorium-topmanagementdiagnostik.com\/wp-content\/uploads\/2014\/06\/Juergen-Boehme-150x150.jpg 150w, https:\/\/kuratorium-topmanagementdiagnostik.com\/wp-content\/uploads\/2014\/06\/Juergen-Boehme-100x100.jpg 100w\" sizes=\"(max-width: 180px) 100vw, 180px\" \/><\/a><p id=\"caption-attachment-409\" class=\"wp-caption-text\">J\u00fcrgen B\u00f6hme<\/p><\/div>\n<h4><strong><span style=\"color: #808080;\">J\u00fcrgen B\u00f6hme<\/span><\/strong><\/h4>\n<h4><span style=\"color: #808080;\"><strong style=\"font-size: 1em; color: #333333; line-height: 1.5em;\">B\u00f6hme Management Diagnostik<\/strong><\/span><\/h4>\n<p><span style=\"line-height: 1.5em; color: #888888;\">Nach Mechanikerlehre, Maschinenbau, BWL und Wirtschaftsinformatik studiert. Im Bereich IT und Betriebsorganisation in mehreren Unternehmen unterschiedlicher Branchen t\u00e4tig. 1980 Wechsel zur W\u00fcrttembergischen Versicherung, Stuttgart. Dort zuerst Projektleiter in der IT und anschlie\u00dfend die Abteilung Personal- und Organisationsentwicklung aufgebaut. Leitung dieser Abteilung bis 2008, in den letzten Jahren erweitert zust\u00e4ndig f\u00fcr den W&amp;W-Konzern. Seit 2008 Managementberater und Inhaber der B\u00f6hme Management Diagnostik. Beratungsschwerpunkte sind Management-Audits, die Entwicklung und Durchf\u00fchrung von Verfahren zur Potenzialanalyse, Aufbau und Reorganisation von HR-Bereichen und Interim-Management. Ein weiteres Arbeitsgebiet ist die Berufs- und Studienberatung.<\/span><\/p>\n<p><span style=\"line-height: 1.5em;\">\u00a0<\/span><\/p>\n<p>\u00a0<\/p>\n<div id=\"attachment_428\" style=\"width: 190px\" class=\"wp-caption alignright\"><a href=\"http:\/\/kuratorium-topmanagementdiagnostik.com\/wp-content\/uploads\/2014\/03\/Ernst-August-Bolte.jpg\"><img decoding=\"async\" loading=\"lazy\" aria-describedby=\"caption-attachment-428\" class=\"size-full wp-image-428\" src=\"http:\/\/kuratorium-topmanagementdiagnostik.com\/wp-content\/uploads\/2014\/03\/Ernst-August-Bolte.jpg\" alt=\"Ernst-August Bolte\" width=\"180\" height=\"180\" srcset=\"https:\/\/kuratorium-topmanagementdiagnostik.com\/wp-content\/uploads\/2014\/03\/Ernst-August-Bolte.jpg 180w, https:\/\/kuratorium-topmanagementdiagnostik.com\/wp-content\/uploads\/2014\/03\/Ernst-August-Bolte-150x150.jpg 150w, https:\/\/kuratorium-topmanagementdiagnostik.com\/wp-content\/uploads\/2014\/03\/Ernst-August-Bolte-100x100.jpg 100w\" sizes=\"(max-width: 180px) 100vw, 180px\" \/><\/a><p id=\"caption-attachment-428\" class=\"wp-caption-text\">Ernst-August Bolte<\/p><\/div>\n<h4><span style=\"color: #888888;\"><strong>Ernst-August Bolte\u00a0<\/strong><\/span><\/h4>\n<h4><strong><span style=\"line-height: 1.5em;\">Gesch\u00e4ftsf\u00fchrender Gesellschafter der<br \/><\/span><span style=\"line-height: 1.5em;\">Management Diagnostik Bolte &amp; Meyner GmbH<\/span><\/strong><\/h4>\n<p><span style=\"line-height: 1.5em; color: #888888;\">Seit 1970 in der Personalentwicklung t\u00e4tig, davon die ersten 15 Jahre in Unternehmen (Lufthansa, PolyGram, Allianz, Steag) mit den Schwerpunkten Personalauswahl und Training f\u00fcr F\u00fchrungskr\u00e4fte und Spezialisten. Seit 1984 freiberuflich selbst\u00e4ndig t\u00e4tig mit den Schwerpunkten Potenzialerfassung (AC, Testverfahren, Interviews), Personalentwicklung (Entwicklung, Implementierung, Validierung von PE-Konzepten) und Gestaltung von Ver\u00e4nderungsprozessen (Verhaltensplanspiele).<\/span><\/p>\n<p>\u00a0<\/p>\n<p>\u00a0<\/p>\n<p>\u00a0<\/p>\n<div id=\"attachment_554\" style=\"width: 190px\" class=\"wp-caption alignright\"><a href=\"http:\/\/kuratorium-topmanagementdiagnostik.com\/wp-content\/uploads\/2014\/10\/Fruhner-Ruediger-sw.jpg\"><img decoding=\"async\" loading=\"lazy\" aria-describedby=\"caption-attachment-554\" class=\"size-full wp-image-554\" src=\"http:\/\/kuratorium-topmanagementdiagnostik.com\/wp-content\/uploads\/2014\/10\/Fruhner-Ruediger-sw.jpg\" alt=\"R\u00fcdiger Fruhner\" width=\"180\" height=\"180\" srcset=\"https:\/\/kuratorium-topmanagementdiagnostik.com\/wp-content\/uploads\/2014\/10\/Fruhner-Ruediger-sw.jpg 180w, https:\/\/kuratorium-topmanagementdiagnostik.com\/wp-content\/uploads\/2014\/10\/Fruhner-Ruediger-sw-50x50.jpg 50w, https:\/\/kuratorium-topmanagementdiagnostik.com\/wp-content\/uploads\/2014\/10\/Fruhner-Ruediger-sw-100x100.jpg 100w\" sizes=\"(max-width: 180px) 100vw, 180px\" \/><\/a><p id=\"caption-attachment-554\" class=\"wp-caption-text\">R\u00fcdiger Fruhner<\/p><\/div>\n<h4><span style=\"color: #888888;\"><strong>R\u00fcdiger Fruhner\u00a0<\/strong><\/span><\/h4>\n<h4><strong>Experte f\u00fcr Eignungs- und Potenzialdiagnostik<br \/>Hamburger Sparkasse AG<br \/><\/strong><\/h4>\n<p>Seit 1991 bei der Hamburger Sparkasse AG als Experte f\u00fcr Potenzialdiagnostik t\u00e4tig. Herr Fruhner ist Diplom Psychologe und hat nach seinem Studium als wissenschaftlicher Mitarbeiter am Lehrstuhl f\u00fcr Psychologie bei Prof. Schuler in Hohenheim gearbeitet. Er ist Vorstandsmitglied des Arbeitskreises Assessment Center e.V..<\/p>\n<p>\u00a0<\/p>\n<p>\u00a0<\/p>\n<p>\u00a0<\/p>\n<p>\u00a0<\/p>\n<div id=\"attachment_538\" style=\"width: 190px\" class=\"wp-caption alignright\"><a href=\"http:\/\/kuratorium-topmanagementdiagnostik.com\/wp-content\/uploads\/2014\/09\/Dr-Dieter-Hasselmann_sw.jpg\"><img decoding=\"async\" loading=\"lazy\" aria-describedby=\"caption-attachment-538\" class=\"size-full wp-image-538\" src=\"http:\/\/kuratorium-topmanagementdiagnostik.com\/wp-content\/uploads\/2014\/09\/Dr-Dieter-Hasselmann_sw.jpg\" alt=\"Dr. Dieter Hasselmann \" width=\"180\" height=\"180\" srcset=\"https:\/\/kuratorium-topmanagementdiagnostik.com\/wp-content\/uploads\/2014\/09\/Dr-Dieter-Hasselmann_sw.jpg 180w, https:\/\/kuratorium-topmanagementdiagnostik.com\/wp-content\/uploads\/2014\/09\/Dr-Dieter-Hasselmann_sw-150x150.jpg 150w, https:\/\/kuratorium-topmanagementdiagnostik.com\/wp-content\/uploads\/2014\/09\/Dr-Dieter-Hasselmann_sw-100x100.jpg 100w\" sizes=\"(max-width: 180px) 100vw, 180px\" \/><\/a><p id=\"caption-attachment-538\" class=\"wp-caption-text\">Dr. Dieter Hasselmann<\/p><\/div>\n<h4><span style=\"color: #999999;\"><strong>Dr. Dieter Hasselmann<\/strong><\/span><\/h4>\n<h4><b style=\"color: #888888; font-size: 1em; line-height: 1.5em;\"> <strong style=\"font-size: 1em; color: #333333; line-height: 1.5em;\"><span style=\"line-height: 1.5em;\">Gesch\u00e4ftsf\u00fchrender Gesellschafter<br \/><\/span><\/strong><\/b><strong>hsp consulting<span style=\"line-height: 1.5em;\">\u00a0GmbH,\u00a0Instituts f\u00fcr Management Diagnostik<\/span><\/strong><\/h4>\n<p><span style=\"color: #888888;\">hsp consulting<span style=\"line-height: 1.5em;\">\u00a0ber\u00e4t Unternehmen bei der Besetzung von Vorstands-, Gesch\u00e4ftsleitungs- und Top-Managementpositionen sowie der Evaluation von Top-F\u00fchrungskr\u00e4ften . Mehr als 20 Jahre Erfahrung in den Bereichen Managementdiagnostik und -entwicklung, Promotion am Lehrstuhl von Prof. Dr. Dieter Frey im Bereich Managementdiagnostik, Studium der Psychologie sowie der Betriebswirtschaftslehre, Autor diverser Fachpublikationen.<\/span><\/span><\/p>\n<p>\u00a0<\/p>\n<p>\u00a0<\/p>\n<p>\u00a0<\/p>\n<div id=\"attachment_434\" style=\"width: 190px\" class=\"wp-caption alignright\"><a href=\"http:\/\/kuratorium-topmanagementdiagnostik.com\/wp-content\/uploads\/2014\/03\/Sylvana-von-Hayn.jpg\"><img decoding=\"async\" loading=\"lazy\" aria-describedby=\"caption-attachment-434\" class=\"size-full wp-image-434\" src=\"http:\/\/kuratorium-topmanagementdiagnostik.com\/wp-content\/uploads\/2014\/03\/Sylvana-von-Hayn.jpg\" alt=\"Sylvana von Hayn\" width=\"180\" height=\"180\" srcset=\"https:\/\/kuratorium-topmanagementdiagnostik.com\/wp-content\/uploads\/2014\/03\/Sylvana-von-Hayn.jpg 180w, https:\/\/kuratorium-topmanagementdiagnostik.com\/wp-content\/uploads\/2014\/03\/Sylvana-von-Hayn-150x150.jpg 150w, https:\/\/kuratorium-topmanagementdiagnostik.com\/wp-content\/uploads\/2014\/03\/Sylvana-von-Hayn-100x100.jpg 100w\" sizes=\"(max-width: 180px) 100vw, 180px\" \/><\/a><p id=\"caption-attachment-434\" class=\"wp-caption-text\">Sylvana von Hayn<\/p><\/div>\n<h4><span style=\"color: #888888;\"><strong>Silvana von Hayn<\/strong><\/span><\/h4>\n<h4><strong>Personalleitung<\/strong><br \/><strong>einer familiengef\u00fchrten Holding<\/strong><\/h4>\n<p><span style=\"color: #888888;\">Diplom-Psychologin, seit f\u00fcnfundzwanzig Jahren in verschiedenen Branchen in Personalmanagement und Personalentwicklung t\u00e4tig, darunter Unternehmen wie die Deutsche Telekom und ein internationaler Chemiekonzern. Aktuelle Funktion ist die Personalleitung in der Holding einer familiengef\u00fchrten Unternehmensgruppe. Expertiseschwerpunkte: Eignungsdiagnostik f\u00fcr verschiedene Zielgruppen, Assessment-Center, F\u00fchrungskr\u00e4fte- und Organisationsentwicklung, Coaching.<\/span><\/p>\n<p>\u00a0<\/p>\n<p>\u00a0<\/p>\n<p>\u00a0<\/p>\n<div id=\"attachment_433\" style=\"width: 190px\" class=\"wp-caption alignright\"><a href=\"http:\/\/kuratorium-topmanagementdiagnostik.com\/wp-content\/uploads\/2014\/03\/R\u00fcdiger-Hossiep.jpg\"><img decoding=\"async\" loading=\"lazy\" aria-describedby=\"caption-attachment-433\" class=\"size-full wp-image-433\" src=\"http:\/\/kuratorium-topmanagementdiagnostik.com\/wp-content\/uploads\/2014\/03\/R\u00fcdiger-Hossiep.jpg\" alt=\"R\u00fcdiger Hossiep\" width=\"180\" height=\"180\" srcset=\"https:\/\/kuratorium-topmanagementdiagnostik.com\/wp-content\/uploads\/2014\/03\/R\u00fcdiger-Hossiep.jpg 180w, https:\/\/kuratorium-topmanagementdiagnostik.com\/wp-content\/uploads\/2014\/03\/R\u00fcdiger-Hossiep-150x150.jpg 150w, https:\/\/kuratorium-topmanagementdiagnostik.com\/wp-content\/uploads\/2014\/03\/R\u00fcdiger-Hossiep-100x100.jpg 100w\" sizes=\"(max-width: 180px) 100vw, 180px\" \/><\/a><p id=\"caption-attachment-433\" class=\"wp-caption-text\">R\u00fcdiger Hossiep<\/p><\/div>\n<h4><strong><span style=\"color: #888888;\"> Dr. R\u00fcdiger Hossiep<\/span><\/strong><\/h4>\n<h4><strong>Leitung- Projektteam Testentwicklung<\/strong><br \/><strong> Ruhr-Universit\u00e4t Bochum<\/strong><\/h4>\n<p><span style=\"color: #888888;\">Diplom-Psychologe (Ruhr-Universit\u00e4t Bochum), Management-Diagnostiker, F\u00fchrungskr\u00e4ftetrainer, Coach sowie Autor einschl\u00e4giger Fachb\u00fccher und psychologischer Testverfahren. Seit 1990 an der Ruhr-Universit\u00e4t Bochum, Fakult\u00e4t f\u00fcr Psychologie. 1986-1990 Betriebspsychologe bei der Deutsche Bank AG, Frankfurt. 1985\/86 Personalberater bei der Unternehmensberatung Dieter Schr\u00f6der &amp; Partner, D\u00fcsseldorf. 1984\/85 Wissenschaftlicher Mitarbeiter am Lehrstuhl Methodenlehre, Diagnostik &amp; Evaluation der Ruhr-Universit\u00e4t Bochum.<\/span><\/p>\n<p>\u00a0<\/p>\n<p>\u00a0<\/p>\n<p>\u00a0<\/p>\n<div id=\"attachment_430\" style=\"width: 190px\" class=\"wp-caption alignright\"><a href=\"http:\/\/kuratorium-topmanagementdiagnostik.com\/wp-content\/uploads\/2014\/03\/Margit-Lohs.jpg\"><img decoding=\"async\" loading=\"lazy\" aria-describedby=\"caption-attachment-430\" class=\"size-full wp-image-430\" src=\"http:\/\/kuratorium-topmanagementdiagnostik.com\/wp-content\/uploads\/2014\/03\/Margit-Lohs.jpg\" alt=\"Dr. Margit Lohs\" width=\"180\" height=\"180\" srcset=\"https:\/\/kuratorium-topmanagementdiagnostik.com\/wp-content\/uploads\/2014\/03\/Margit-Lohs.jpg 180w, https:\/\/kuratorium-topmanagementdiagnostik.com\/wp-content\/uploads\/2014\/03\/Margit-Lohs-150x150.jpg 150w, https:\/\/kuratorium-topmanagementdiagnostik.com\/wp-content\/uploads\/2014\/03\/Margit-Lohs-100x100.jpg 100w\" sizes=\"(max-width: 180px) 100vw, 180px\" \/><\/a><p id=\"caption-attachment-430\" class=\"wp-caption-text\">Dr. Margit Lohs<\/p><\/div>\n<h4><span style=\"color: #888888;\"><strong>Dr. Margit Lohs<\/strong><\/span><\/h4>\n<h4><strong>Inhaberin<\/strong><br \/><strong>Lohs Management Consulting\u00a0<\/strong><\/h4>\n<p><span style=\"color: #888888;\">Studium der Psychologie und Soziologie. Management-Erfahrung in einem internationalen Pharmaunternehmen (Marketing und F\u00fchrungskr\u00e4fteentwicklung), in f\u00fchrenden Outplacement- und Personalberatungen, seit 2003 Inhaberin der Lohs Management Consulting in Berlin. T\u00e4tigkeitsschwerpunkte: Einzel-Assessments und Management-Audits im oberen und Top-Management sowie Executive-Coaching und individuelles 360-Grad-Feedback in namhaften internationalen und DAX-Unternehmen sowie im Healthcare-Segment und in best-practice Start-ups.<\/span><\/p>\n<p>\u00a0<\/p>\n<p>\u00a0<\/p>\n<p>\u00a0<\/p>\n<div id=\"attachment_425\" style=\"width: 190px\" class=\"wp-caption alignright\"><a href=\"http:\/\/kuratorium-topmanagementdiagnostik.com\/wp-content\/uploads\/2014\/03\/Antje-Sandmann.jpg\"><img decoding=\"async\" loading=\"lazy\" aria-describedby=\"caption-attachment-425\" class=\"size-full wp-image-425\" src=\"http:\/\/kuratorium-topmanagementdiagnostik.com\/wp-content\/uploads\/2014\/03\/Antje-Sandmann.jpg\" alt=\"Antje Sandmann\" width=\"180\" height=\"180\" srcset=\"https:\/\/kuratorium-topmanagementdiagnostik.com\/wp-content\/uploads\/2014\/03\/Antje-Sandmann.jpg 180w, https:\/\/kuratorium-topmanagementdiagnostik.com\/wp-content\/uploads\/2014\/03\/Antje-Sandmann-150x150.jpg 150w, https:\/\/kuratorium-topmanagementdiagnostik.com\/wp-content\/uploads\/2014\/03\/Antje-Sandmann-100x100.jpg 100w\" sizes=\"(max-width: 180px) 100vw, 180px\" \/><\/a><p id=\"caption-attachment-425\" class=\"wp-caption-text\">Antje Sandmann<\/p><\/div>\n<h4><span style=\"color: #888888;\"><strong>Antje Sandmann<\/strong><\/span><\/h4>\n<h4><strong>Sparkassenakademie Schleswig-Holstein<\/strong><\/h4>\n<p><span style=\"color: #888888;\">Bankkauffrau und Diplom-Betriebswirtin (FH), Mitglied im Arbeitskreis Assessment Center e.V.. Seit 1997 Konzeption, Begleitung und Durchf\u00fchrung von Auswahl-Assessment-Centern und Potenzialanalysen f\u00fcr F\u00fchrungskr\u00e4fte und Spezialisten im Sparkassenbereich. Als Systemischer Management Coach (SMC) und ausgebildete Trainerin f\u00fcr F\u00fchrung und Kommunikation begleitet sie F\u00fchrungskr\u00e4fte in ihrer pers\u00f6nlichen Entwicklung (Themen u.a. Mitarbeiterf\u00fchrung, Umgang mit Macht- und Kommunikationsstrukturen in Unternehmen, Umgang mit Ver\u00e4nderungen sowie Konflikten etc.).<\/span><\/p>\n<p>\u00a0<\/p>\n<p>\u00a0<\/p>\n<p>\u00a0<\/p>\n<div id=\"attachment_429\" style=\"width: 190px\" class=\"wp-caption alignright\"><a href=\"http:\/\/kuratorium-topmanagementdiagnostik.com\/wp-content\/uploads\/2014\/03\/Katrin-S\u00fcnderhauf.jpg\"><img decoding=\"async\" loading=\"lazy\" aria-describedby=\"caption-attachment-429\" class=\"size-full wp-image-429\" src=\"http:\/\/kuratorium-topmanagementdiagnostik.com\/wp-content\/uploads\/2014\/03\/Katrin-S\u00fcnderhauf.jpg\" alt=\"Katrin S\u00fcnderhauf\" width=\"180\" height=\"180\" srcset=\"https:\/\/kuratorium-topmanagementdiagnostik.com\/wp-content\/uploads\/2014\/03\/Katrin-S\u00fcnderhauf.jpg 180w, https:\/\/kuratorium-topmanagementdiagnostik.com\/wp-content\/uploads\/2014\/03\/Katrin-S\u00fcnderhauf-150x150.jpg 150w, https:\/\/kuratorium-topmanagementdiagnostik.com\/wp-content\/uploads\/2014\/03\/Katrin-S\u00fcnderhauf-100x100.jpg 100w\" sizes=\"(max-width: 180px) 100vw, 180px\" \/><\/a><p id=\"caption-attachment-429\" class=\"wp-caption-text\">Katrin S\u00fcnderhauf<\/p><\/div>\n<h4><strong><span style=\"color: #888888;\">Katrin\u00a0S\u00fcnderhauf<\/span><\/strong><\/h4>\n<h4><strong>Leiterin operatives Personalmarketing &amp; Rekrutierung<\/strong><br \/><strong>Region\u00a0Ost der Deutschen Bahn AG<\/strong><\/h4>\n<p><span style=\"color: #888888;\">Diplom-Psychologin und Mutter einer Tochter; Studium an der TU Dresden. Arbeitsschwerpunkte: Gewinnung und Auswahl von Sch\u00fclern, Studenten, Fachkr\u00e4ften und Akademikern sowie Entwickeln und Implementieren von F\u00fchrungskr\u00e4ftetrainings, ACs, Potenzialanalysen, Prozessberatung und Projektleitung. Seit 2009 Vorsitzende des AkAC e.V.<\/span><\/p>\n<p>\u00a0<\/p>\n<p><span style=\"line-height: 1.5em;\">\u00a0<\/span><\/p>\n<p>\u00a0<\/p>\n<p>\u00a0<\/p>\n<div id=\"attachment_432\" style=\"width: 190px\" class=\"wp-caption alignright\"><a href=\"http:\/\/kuratorium-topmanagementdiagnostik.com\/wp-content\/uploads\/2014\/03\/Patrick-Wiederhake.jpg\"><img decoding=\"async\" loading=\"lazy\" aria-describedby=\"caption-attachment-432\" class=\"size-full wp-image-432\" src=\"http:\/\/kuratorium-topmanagementdiagnostik.com\/wp-content\/uploads\/2014\/03\/Patrick-Wiederhake.jpg\" alt=\"Partick Wiederhake\" width=\"180\" height=\"180\" srcset=\"https:\/\/kuratorium-topmanagementdiagnostik.com\/wp-content\/uploads\/2014\/03\/Patrick-Wiederhake.jpg 180w, https:\/\/kuratorium-topmanagementdiagnostik.com\/wp-content\/uploads\/2014\/03\/Patrick-Wiederhake-150x150.jpg 150w, https:\/\/kuratorium-topmanagementdiagnostik.com\/wp-content\/uploads\/2014\/03\/Patrick-Wiederhake-100x100.jpg 100w\" sizes=\"(max-width: 180px) 100vw, 180px\" \/><\/a><p id=\"caption-attachment-432\" class=\"wp-caption-text\">Partick Wiederhake<\/p><\/div>\n<h4><span style=\"color: #888888;\"><strong>Patrick Wiederhake<\/strong><\/span><\/h4>\n<h4><strong>Partner<\/strong><br \/><strong> Profil M Beratung f\u00fcr Human Resources Management GmbH &amp; Co. KG<\/strong><\/h4>\n<p><span style=\"color: #888888;\">Diplom-Psychologe und ausgebildeter Coach. Partner bei der Profil M Beratung f\u00fcr Human Resources Management GmbH &amp; Co. KG.. Verantwortlich f\u00fcr nationale und internationale Projekte zur Managementdiagnostik und F\u00fchrungskr\u00e4fteentwicklung.<\/span><\/p>\n<p>\u00a0<\/p>\n<div>\u00a0<\/div>\n\n\n<p><\/p>\n","protected":false},"excerpt":{"rendered":"<p>Im Kuratorium Top-Managementdiagnostik haben sich Spezialisten, Wissenschaftler und Praktiker aus dem Feld der Managementdiagnostik zusammengefunden. Aktuell besteht das Kuratorium aus den folgenden Mitgliedern: \u00a0 \u00a0 Christoph Aldering Gesch\u00e4ftsf\u00fchreraestimamus GmbH &amp; Co. KG Diplom-Psychologe, von 1991 bis 2012 Berater im Bereich Management Diagnostik &amp; Development bei Kienbaum Management Consultants,dort zuletzt \u00fcber 10 Jahre als Partner verantwortlich [&hellip;]<\/p>\n","protected":false},"author":1,"featured_media":0,"parent":0,"menu_order":1,"comment_status":"closed","ping_status":"closed","template":"","meta":[],"_links":{"self":[{"href":"https:\/\/kuratorium-topmanagementdiagnostik.com\/index.php?rest_route=\/wp\/v2\/pages\/89"}],"collection":[{"href":"https:\/\/kuratorium-topmanagementdiagnostik.com\/index.php?rest_route=\/wp\/v2\/pages"}],"about":[{"href":"https:\/\/kuratorium-topmanagementdiagnostik.com\/index.php?rest_route=\/wp\/v2\/types\/page"}],"author":[{"embeddable":true,"href":"https:\/\/kuratorium-topmanagementdiagnostik.com\/index.php?rest_route=\/wp\/v2\/users\/1"}],"replies":[{"embeddable":true,"href":"https:\/\/kuratorium-topmanagementdiagnostik.com\/index.php?rest_route=%2Fwp%2Fv2%2Fcomments&post=89"}],"version-history":[{"count":194,"href":"https:\/\/kuratorium-topmanagementdiagnostik.com\/index.php?rest_route=\/wp\/v2\/pages\/89\/revisions"}],"predecessor-version":[{"id":728,"href":"https:\/\/kuratorium-topmanagementdiagnostik.com\/index.php?rest_route=\/wp\/v2\/pages\/89\/revisions\/728"}],"wp:attachment":[{"href":"https:\/\/kuratorium-topmanagementdiagnostik.com\/index.php?rest_route=%2Fwp%2Fv2%2Fmedia&parent=89"}],"curies":[{"name":"wp","href":"https:\/\/api.w.org\/{rel}","templated":true}]}}