{"id":209,"date":"2014-04-27T14:42:47","date_gmt":"2014-04-27T12:42:47","guid":{"rendered":"http:\/\/kuratorium-topmanagementdiagnostik.com\/?page_id=209"},"modified":"2023-01-16T21:44:17","modified_gmt":"2023-01-16T20:44:17","slug":"home","status":"publish","type":"page","link":"https:\/\/kuratorium-topmanagementdiagnostik.com\/","title":{"rendered":"Home"},"content":{"rendered":"\n<div class=\"row\">\n<div class=\"four columns\">\n<div class=\"title\">\n<h2>Kuratorium<\/h2>\n<\/div>\n<div class=\"text\">Das Kuratorium Top-Management-Diagnostik besteht seit dem Jahr 2013 und ist eine Projektgruppe des Arbeitskreis Assessment Center e.V. (ohne eigene Rechtspers\u00f6nlichkeit), dessen Ziel es ist, eine Qualit\u00e4tsverbesserung der Auswahlprozesse und Besetzungsentscheidungen f\u00fcr Spitzenpositionen in Unternehmen sowie Institutionen zu erreichen.<\/div>\n<p><a class=\"more\" href=\"#\">mehr\u2026<\/a><\/p>\n<div class=\"clear\">&nbsp;<\/div>\n<\/div>\n<div class=\"four columns \">\n<div class=\"title\">\n<h2>Mitglieder<\/h2>\n<\/div>\n<div class=\"text\">\n<p>Das Kuratorium besteht aus<\/p>\n<ul>\n<li>anerkannten Experten,<\/li>\n<li>Wissenschaftlern<\/li>\n<li>sowie erfahrenen Praktikern<\/li>\n<\/ul>\n<p>aus dem Feld der Managementdiagnostik.<\/p>\n<\/div>\n<p><a class=\"more\" href=\"#\">mehr\u2026<\/a><\/p>\n<div class=\"clear\">&nbsp;<\/div>\n<\/div>\n<div class=\"four columns\">\n<div class=\"title\">\n<h2>Standards<\/h2>\n<\/div>\n<div class=\"text\">Eine professionelle Beurteilung von Potenzial, Eignung bzw. Passung von Kandidaten f\u00fcr Top-Management-Positionen mit aussagekr\u00e4ftigen Ergebnissen setzten die Beachtung anerkannter eignungsdiagnostischer Standards sowie umfassende Kenntnisse relevanter Methoden und profunde handwerkliche Erfahrungen voraus.<\/div>\n<p><a class=\"more\" href=\"#\">mehr\u2026<\/a><\/p>\n<div class=\"clear\">&nbsp;<\/div>\n<\/div>\n<\/div>\n","protected":false},"excerpt":{"rendered":"<p>Kuratorium Das Kuratorium Top-Management-Diagnostik besteht seit dem Jahr 2013 und ist eine Projektgruppe des Arbeitskreis Assessment Center e.V. (ohne eigene Rechtspers\u00f6nlichkeit), dessen Ziel es ist, eine Qualit\u00e4tsverbesserung der Auswahlprozesse und Besetzungsentscheidungen f\u00fcr Spitzenpositionen in Unternehmen sowie Institutionen zu erreichen. mehr\u2026 &nbsp; Mitglieder Das Kuratorium besteht aus anerkannten Experten, Wissenschaftlern sowie erfahrenen Praktikern aus dem Feld [&hellip;]<\/p>\n","protected":false},"author":1,"featured_media":0,"parent":0,"menu_order":1,"comment_status":"closed","ping_status":"open","template":"","meta":[],"_links":{"self":[{"href":"https:\/\/kuratorium-topmanagementdiagnostik.com\/index.php?rest_route=\/wp\/v2\/pages\/209"}],"collection":[{"href":"https:\/\/kuratorium-topmanagementdiagnostik.com\/index.php?rest_route=\/wp\/v2\/pages"}],"about":[{"href":"https:\/\/kuratorium-topmanagementdiagnostik.com\/index.php?rest_route=\/wp\/v2\/types\/page"}],"author":[{"embeddable":true,"href":"https:\/\/kuratorium-topmanagementdiagnostik.com\/index.php?rest_route=\/wp\/v2\/users\/1"}],"replies":[{"embeddable":true,"href":"https:\/\/kuratorium-topmanagementdiagnostik.com\/index.php?rest_route=%2Fwp%2Fv2%2Fcomments&post=209"}],"version-history":[{"count":25,"href":"https:\/\/kuratorium-topmanagementdiagnostik.com\/index.php?rest_route=\/wp\/v2\/pages\/209\/revisions"}],"predecessor-version":[{"id":726,"href":"https:\/\/kuratorium-topmanagementdiagnostik.com\/index.php?rest_route=\/wp\/v2\/pages\/209\/revisions\/726"}],"wp:attachment":[{"href":"https:\/\/kuratorium-topmanagementdiagnostik.com\/index.php?rest_route=%2Fwp%2Fv2%2Fmedia&parent=209"}],"curies":[{"name":"wp","href":"https:\/\/api.w.org\/{rel}","templated":true}]}}